{"id":16,"date":"2014-03-26T22:15:08","date_gmt":"2014-03-26T22:15:08","guid":{"rendered":"http:\/\/its-conf.org\/2014\/?page_id=16"},"modified":"2025-12-28T17:06:29","modified_gmt":"2025-12-28T17:06:29","slug":"committees","status":"publish","type":"page","link":"https:\/\/www.elearning-conf.org\/oldconferences\/2025\/committees\/","title":{"rendered":"Committees"},"content":{"rendered":"<p><strong>Program Co-Chairs<\/strong><\/p>\n<p>Miguel Baptista Nunes, Xi&#8217;an Jiaotong-Liverpool University, China<\/p>\n<p>Pedro Isaias, Universidade Aberta (Portuguese Open University), Portugal<\/p>\n<p><strong>\u00a0<\/strong><\/p>\n<p><strong>MCCSIS General Conference Chair<\/strong><\/p>\n<p>Piet Kommers, UNESCO Professor of Educational Technology, The Netherlands<\/p>\n<p>&nbsp;<\/p>\n<p><strong>Committee Members<\/strong><\/p>\n<p>Adamantios Koumpis, University Hospital Cologne, Germany<br \/>\nAirina Volungeviciene, Vytautas Magnus University, Lithuania<br \/>\nAlejandro S\u00e1nchez, Universidad De Alicante, Spain<br \/>\nAli Fawaz Shareef, The Maldives National University, Maldives<br \/>\nAminath Zifna, The Maldives National University, Maldives<br \/>\nAna Barata, ISEP-GILT, Portugal<br \/>\nAndreas Bollin, Klagenfurt University, Austria<br \/>\nAndreas Papasalouros, University Of The Aegean, Greece<br \/>\nAng\u00e9lica De Antonio, Universidad Politecnica De Madrid, Spain<br \/>\nAnthony Abrome, University Of Bologna, Italy<br \/>\nAntoanela Naaji, Vasile Goldis West University Of Arad, Romania<br \/>\nAntonio Navarro, Universidad Complutense De Madrid, Spain<br \/>\nAntonio Panaggio, Italian Ministry Of Education, Italy<br \/>\nApostolos Gkamas, University of Ioannina, Greece<br \/>\nAraz Yusubov, ADA University, Azerbaijan<br \/>\nBertil P. Marques, Instituto Superior De Engenharia Do Porto (ISEP), Portugal<br \/>\nBruno F. Gon\u00e7alves, Instituto Polit\u00e9cnico De Bragan\u00e7a, Portugal<br \/>\nCarolina Lorenzo, University Of Alicante, Spain<br \/>\nCharalampos Karagiannidis, University of Thessaly, Greece<br \/>\nChristos Bouras, University Of Patras, Greece<br \/>\nCopelia Mateo Guill\u00e9n, Universidad De Alicante, Spain<br \/>\nDanielle Allessio, University Of Massachusetts, College Education, USA<br \/>\nDara Tafazoli, University Of Newcastle, Australia<br \/>\nDemetrios Sampson, University of Piraeus, Greece<br \/>\nDessislava Vassileva, Sofia University \u201cst. Kliment Ohridski\u201d, Bulgaria<br \/>\nDimitra Pappa, National Center For Scientific Research &#8211; Demokrit, Greece<br \/>\nEgle Butkeviciene, Kaunas University Of Technology, Lithuania<br \/>\nEliza Stefanova, Sofia University, Bulgaria<br \/>\nElliot Soloway, University Of Michigan, USA<br \/>\nEsma Aimeur, University Of Montr\u00e9al, Canada<br \/>\nEsteban V\u00e1zquez Cano , Spanish National University Of Distance Education, Spain<br \/>\nEugenia Kovatcheva, University of Library Studies and Information Tech, Bulgaria<br \/>\nEva Jereb, University Of Maribor, Slovenia<br \/>\nFrancesca Pozzi, Instituto Tecnologie Didattiche \u2013 CNR, Italy<br \/>\nGeoffrey Lautenbach, University Of Johannesburg, South Africa<br \/>\nGeorge Tsihrintzis, University Of Piraeus, Greece<br \/>\nGiovanni Bonaiuti, University Of Cagliari, Italy<br \/>\nI Putu Indra Kusuma, Universitas Pendidikan Ganesha, Indonesia<br \/>\nIbrahim Ahmed, University of Bahrain, Bahrain<br \/>\nIgor Bernik, University Of Maribor, Slovenia<br \/>\nJan-Torsten Milde, Hochschule Fulda, Germany<br \/>\nJes\u00fas S\u00e1nchez Allende, CUNEF Universidad, Spain<br \/>\nJoan Ballantine, University Of Ulster, United Kingdom<br \/>\nJose Bidarra, Universidade Aberta, Portugal<br \/>\nJuan M. Santos-Gago, atlanTTic &#8211; University of Vigo, Spain<br \/>\nKhalid El Khadiri, Chouaib Doukkali University, Morocco<br \/>\nLarbi Esmahi, Athabasca University, Canada<br \/>\nLuh Indrayani, Universitas Pendidikan Ganesha, Indonesia<br \/>\nLuis \u00c1lvarez-Gonz\u00e1lez, Universidad Austral De Chile, Chile<br \/>\nMade Hery Santosa, Universitas Pendidikan Ganesha, Indonesia<br \/>\nMaiga Chang, Athabasca University, Canada<br \/>\nMalinka Ivanova, Technical University Of Sofia, Bulgaria<br \/>\nManuel Caeiro-Rodr\u00edguez, University Of Vigo, Spain<br \/>\nMarina Rui, University Of Genoa, Italy<br \/>\nMartin Wessner, Hochschule Darmstadt, Germany<br \/>\nMart\u00edn Llamas-Nistal, atlanTTic Research Center &#8211; University of Vigo, Spain<br \/>\nMartina Benvenuti, University of Bologna, Italy<br \/>\nMichail Kalogiannakis, University of Thessaly, Greece<br \/>\nNicola Capuano, University of Salerno, Italy<br \/>\nPatrick Blumschein, Teacher University of Freiburg, Germany<br \/>\nPaula Escudeiro, Isep\/gilt, Portugal<br \/>\nPaula Miranda, School of Technology, Setubal Polytechnic University, Portugal<br \/>\nPiedade Carvalho, Isep\/gilt, Portugal<br \/>\nRafael Morales Gamboa, Universidad de Guadalajara, Mexico<br \/>\nRitesh Chugh, CQUniversity, Australia<br \/>\nRosabel Mart\u00ednez Roig, University Of Alicante, Spain<br \/>\nRoza Ibrahim, The Maldives National University, Maldives<br \/>\nRub\u00e9n Edel Navarro, Universidad Veracruzana, Mexico<br \/>\nSangeetha Kutty, Cquniversity, Australia<br \/>\nShelia Anjarani, Universitas Muhammadiyah Purwokerto, Indonesia<br \/>\nTamilla Mammadova, ADA University, Azerbaijan<br \/>\nTarek Assassi, University Of Mohamed Kheider, Algeria<br \/>\nTelmo Zarraonandia, Universidad Carlos III de Madrid, Spain<br \/>\nThomas Zarouchas, Computer Technology Institute And Press &#8220;diophantu, Greece<br \/>\nVahid Norouzi Larsari, Charles University, Czech Republic<br \/>\nValentina Dagiene, Vilnius University, Lithuania<br \/>\nVassilis Triantafyllou, University of Peloponnese, Greece<br \/>\nVer\u00f3nica Onrubia, Universidad De Alicante, Spain<br \/>\nVeronika Makarova, University Of Saskatchewan, Canada<br \/>\nYannis Psaromiligkos, Technological Education Institute Of Piraeus, Greece<\/p>\n<p>&nbsp;<\/p>\n<p>&nbsp;<\/p>\n","protected":false},"excerpt":{"rendered":"<p>Program Co-Chairs Miguel Baptista Nunes, Xi&#8217;an Jiaotong-Liverpool University, China Pedro Isaias, Universidade Aberta (Portuguese Open University), Portugal \u00a0 MCCSIS General Conference Chair Piet Kommers, UNESCO Professor of Educational Technology, The Netherlands &nbsp; Committee Members Adamantios Koumpis, University Hospital Cologne, Germany Airina Volungeviciene, Vytautas Magnus University, Lithuania Alejandro S\u00e1nchez, Universidad De Alicante, Spain Ali Fawaz Shareef, [&hellip;]<\/p>\n","protected":false},"author":1,"featured_media":0,"parent":0,"menu_order":0,"comment_status":"closed","ping_status":"closed","template":"","meta":{"footnotes":""},"class_list":["post-16","page","type-page","status-publish","hentry"],"_links":{"self":[{"href":"https:\/\/www.elearning-conf.org\/oldconferences\/2025\/wp-json\/wp\/v2\/pages\/16","targetHints":{"allow":["GET"]}}],"collection":[{"href":"https:\/\/www.elearning-conf.org\/oldconferences\/2025\/wp-json\/wp\/v2\/pages"}],"about":[{"href":"https:\/\/www.elearning-conf.org\/oldconferences\/2025\/wp-json\/wp\/v2\/types\/page"}],"author":[{"embeddable":true,"href":"https:\/\/www.elearning-conf.org\/oldconferences\/2025\/wp-json\/wp\/v2\/users\/1"}],"replies":[{"embeddable":true,"href":"https:\/\/www.elearning-conf.org\/oldconferences\/2025\/wp-json\/wp\/v2\/comments?post=16"}],"version-history":[{"count":126,"href":"https:\/\/www.elearning-conf.org\/oldconferences\/2025\/wp-json\/wp\/v2\/pages\/16\/revisions"}],"predecessor-version":[{"id":2652,"href":"https:\/\/www.elearning-conf.org\/oldconferences\/2025\/wp-json\/wp\/v2\/pages\/16\/revisions\/2652"}],"wp:attachment":[{"href":"https:\/\/www.elearning-conf.org\/oldconferences\/2025\/wp-json\/wp\/v2\/media?parent=16"}],"curies":[{"name":"wp","href":"https:\/\/api.w.org\/{rel}","templated":true}]}}