{"id":16,"date":"2014-03-26T22:15:08","date_gmt":"2014-03-26T22:15:08","guid":{"rendered":"http:\/\/its-conf.org\/2014\/?page_id=16"},"modified":"2024-05-07T11:19:36","modified_gmt":"2024-05-07T11:19:36","slug":"committees","status":"publish","type":"page","link":"https:\/\/www.elearning-conf.org\/oldconferences\/2024\/committees\/","title":{"rendered":"Committees"},"content":{"rendered":"<p><strong>Program Co-Chairs<\/strong><\/p>\n<p>Miguel Baptista Nunes, Xi&#8217;an Jiaotong-Liverpool University, China<\/p>\n<p>Pedro Isaias, The University of New South Wales (UNSW \u2013 Sydney), Australia<\/p>\n<p><strong>\u00a0<\/strong><\/p>\n<p><strong>MCCSIS General Conference Chair<\/strong><\/p>\n<p>Piet Kommers, University of Twente, The Netherlands<\/p>\n<p>&nbsp;<\/p>\n<p><strong>Committee Members*<\/strong><\/p>\n<p>Adamantios Koumpis, University Hospital Cologne, Germany<br \/>\nAirina Volungeviciene, Vytautas Magnus University, Lithuania<br \/>\nAlexandru Vulpe, University Politehnica of Bucharest, Romania<br \/>\nAli Fawaz Shareef, The Maldives National University, Maldives<br \/>\nAna Barata, ISEP-GILT, Portugal<br \/>\nAndreas Bollin, Klagenfurt University, Austria<br \/>\nAng\u00e9lica De Antonio, Universidad Politecnica De Madrid, Spain<br \/>\nAntoanela Naaji, Vasile Goldis West University Of Arad, Romania<br \/>\nAntonio Herv\u00e1s-Jorge, Universitat Politecnica De Valencia, Spain<br \/>\nAntonio Navarro, Universidad Complutense De Madrid, Spain<br \/>\nApostolos Gkamas, University of Ioannina, Greece<br \/>\nBertil P. Marques, Instituto Superior De Engenharia Do Porto (ISEP) -, Portugal<br \/>\nBruno F. Gon\u00e7alves, Instituto Polit\u00e9cnico De Bragan\u00e7a, Portugal<br \/>\nCarolina Lorenzo, University Of Alicante, Spain<br \/>\nCharalampos Karagiannidis, University of Thessaly, Greece<br \/>\nCharoula Angeli, University Of Cyprus, Cyprus<br \/>\nChristos Bouras, University Of Patras, Greece<br \/>\nChristos Troussas, University of West Attica, Greece<br \/>\nDemetrios Sampson, University of Piraeus, Greece<br \/>\nDessislava Vassileva, Sofia University \u201cst. Kliment Ohridski\u201d, Bulgaria<br \/>\nDimitra Pappa, National Center For Scientific Research &#8211; Demokrit, Greece<br \/>\nEgle Butkeviciene, Kaunas University Of Technology, Lithuania<br \/>\nEliza Stefanova, Sofia University, Bulgaria<br \/>\nElliot Soloway, University Of Michigan, Usa<br \/>\nEsma Aimeur, University Of Montr\u00e9al, Canada<br \/>\nEsteban V\u00e1zquez Cano , Spanish National University Of Distance Education, Spain<br \/>\nEugenia Kovatcheva, University of Library Studies and Information Tech, Bulgaria<br \/>\nEva Jereb, University Of Maribor, Slovenia<br \/>\nFrancesca Pozzi, Instituto Tecnologie Didattiche \u2013 CNR, Italy<br \/>\nFridolin Wild, Open University, United Kingdom<br \/>\nGabriela Grosseck, West University Of Timisoara, Romania<br \/>\nGeorge Papadourakis, School Of Applied Technology, Greece<br \/>\nGeorge Tsihrintzis, University Of Piraeus, Greece<br \/>\nGiovanni Bonaiuti, University Of Cagliari, Italy<br \/>\nGiuseppe Costanzo, Headmaster, Italian Ministry of Education and Meri, Italy<br \/>\nIbrahim Ahmed, University of Bahrain, Bahrain<br \/>\nIsidoros Perikos, University of Patras, Greece<br \/>\nJennifer-Carmen Frey, European Academy Of Bozen\/Bolzano, Italy<br \/>\nJes\u00fas S\u00e1nchez Allende, CUNEF Universidad, Spain<br \/>\nJoan Ballantine, University Of Ulster, United Kingdom<br \/>\nJose Bidarra, Universidade Aberta, Portugal<br \/>\nJuan M. Santos-Gago, atlanTTic &#8211; University of Vigo, Spain<br \/>\nKateryna Synytsya, Ukraine International Research And Training Center, Ukraine<br \/>\nLuis \u00c1lvarez-Gonz\u00e1lez, Universidad Austral De Chile, Chile<br \/>\nLuis Anido-Rif\u00f3n, University Of Vigo, Spain<br \/>\nMaiga Chang, Athabasca University, Canada<br \/>\nMalinka Ivanova, Technical University Of Sofia, Bulgaria<br \/>\nManuel Caeiro-Rodr\u00edguez, University Of Vigo, Spain<br \/>\nMaria Moundridou, School of Pedagogical and Technological Education , Greece<br \/>\nMaria Rigou, University of Patras, Greece<br \/>\nMarina Rui, University Of Genoa, Italy<br \/>\nMart\u00edn Llamas-Nistal, atlanTTic Research Center &#8211; University of Vigo, Spain<br \/>\nMartina Benvenuti, University of Bologna, Italy<br \/>\nMichail Kalogiannakis, University of Thessaly, Greece<br \/>\nNicola Capuano, University of Salerno, Italy<br \/>\nPatrick Blumschein, Teacher University of Freiburg, Germany<br \/>\nPaula Escudeiro, Isep\/gilt, Portugal<br \/>\nPaula Miranda, Polytechnic Institute of Setubal, Portugal<br \/>\nPavel Rusakov, Riga Technical University, Latvia<br \/>\nPiedade Carvalho, Isep\/gilt, Portugal<br \/>\nQing Tan, Athabasca University, Canada<br \/>\nRafael Morales Gamboa, Universidad de Guadalajara, Mexico<br \/>\nRaul Antonio Aguilar Vera, Universidad Autonoma De Yucatan, Mexico<br \/>\nRitesh Chugh, CQUniversity, Australia<br \/>\nRosabel Mart\u00ednez Roig, University Of Alicante, Spain<br \/>\nRub\u00e9n Edel Navarro, Universidad Veracruzana, M\u00e9xico<br \/>\nThomas Zarouchas, Computer Technology Institute And Press &#8220;diophantu, Greece<br \/>\nValentina Dagiene, Vilnius University, Lithuania<br \/>\nVassilis Triantafillou, University of Peloponnese, Greece<br \/>\nVeronika Makarova, University Of Saskatchewan, Canada<br \/>\nYannis Psaromiligkos, Technological Education Institute Of Piraeus, Greece<\/p>\n<p>*committee members are being invited.<\/p>\n<p>&nbsp;<\/p>\n","protected":false},"excerpt":{"rendered":"<p>Program Co-Chairs Miguel Baptista Nunes, Xi&#8217;an Jiaotong-Liverpool University, China Pedro Isaias, The University of New South Wales (UNSW \u2013 Sydney), Australia \u00a0 MCCSIS General Conference Chair Piet Kommers, University of Twente, The Netherlands &nbsp; Committee Members* Adamantios Koumpis, University Hospital Cologne, Germany Airina Volungeviciene, Vytautas Magnus University, Lithuania Alexandru Vulpe, University Politehnica of Bucharest, Romania [&hellip;]<\/p>\n","protected":false},"author":1,"featured_media":0,"parent":0,"menu_order":0,"comment_status":"closed","ping_status":"closed","template":"","meta":{"footnotes":""},"_links":{"self":[{"href":"https:\/\/www.elearning-conf.org\/oldconferences\/2024\/wp-json\/wp\/v2\/pages\/16"}],"collection":[{"href":"https:\/\/www.elearning-conf.org\/oldconferences\/2024\/wp-json\/wp\/v2\/pages"}],"about":[{"href":"https:\/\/www.elearning-conf.org\/oldconferences\/2024\/wp-json\/wp\/v2\/types\/page"}],"author":[{"embeddable":true,"href":"https:\/\/www.elearning-conf.org\/oldconferences\/2024\/wp-json\/wp\/v2\/users\/1"}],"replies":[{"embeddable":true,"href":"https:\/\/www.elearning-conf.org\/oldconferences\/2024\/wp-json\/wp\/v2\/comments?post=16"}],"version-history":[{"count":110,"href":"https:\/\/www.elearning-conf.org\/oldconferences\/2024\/wp-json\/wp\/v2\/pages\/16\/revisions"}],"predecessor-version":[{"id":2358,"href":"https:\/\/www.elearning-conf.org\/oldconferences\/2024\/wp-json\/wp\/v2\/pages\/16\/revisions\/2358"}],"wp:attachment":[{"href":"https:\/\/www.elearning-conf.org\/oldconferences\/2024\/wp-json\/wp\/v2\/media?parent=16"}],"curies":[{"name":"wp","href":"https:\/\/api.w.org\/{rel}","templated":true}]}}